{"id":1389,"date":"2019-03-20T21:01:56","date_gmt":"2019-03-21T00:01:56","guid":{"rendered":"https:\/\/isfd807-chu.infd.edu.ar\/sitio\/?page_id=1389"},"modified":"2022-07-25T21:49:57","modified_gmt":"2022-07-26T00:49:57","slug":"inscripcion-a-materias-2do-cuatrimestre-2022","status":"publish","type":"page","link":"https:\/\/isfd807-chu.infd.edu.ar\/sitio\/inscripcion-a-materias-2do-cuatrimestre-2022\/","title":{"rendered":"Inscripci\u00f3n a materias &#8211; 2\u00b0 cuatrimestre 2022"},"content":{"rendered":"<p style=\"text-align: justify;\"><span style=\"font-family: verdana, geneva; font-size: 10pt; color: #003366;\">Para inscribirte en los espacios curriculares del segundo cuatrimestre, en primer lugar debes seleccionar la carrera que est\u00e1s cursando. Este enlace te llevar\u00e1 a un formulario de varias p\u00e1ginas, donde podr\u00e1s cargar tus datos y elegir los espacios en que vas a inscribir.<\/span><\/p>\n<p style=\"text-align: justify;\"><span style=\"font-family: verdana, geneva; font-size: 10pt; color: #003366;\">En cada p\u00e1gina, luego de completar la informaci\u00f3n que te solicita, debes hacer clic en el bot\u00f3n \u00abSiguiente\u00bb y en la \u00faltima p\u00e1gina debes marcar la casilla que dice \u00abNo soy un robot\u00bb (o la validaci\u00f3n que te requiera el formulario). Luego deber\u00e1s hacer clic en el bot\u00f3n \u00abEnviar\u00bb.<\/span><\/p>\n<p style=\"text-align: justify;\"><span style=\"font-family: verdana, geneva; font-size: 10pt; color: #003366;\">El sistema te enviar\u00e1 un correo a la direcci\u00f3n que coloques en el formulario. Si no lo recibes, buscalo en la carpeta de correos no deseados SPAM. Ese correo es tu comprobante de inscripci\u00f3n.<\/span><\/p>\n<p><a href=\"https:\/\/forms.gle\/2zQGvHX2D1XnjZaP9\"><span style=\"color: #003366;\">Profesorado de Educaci\u00f3n Primaria &#8211; Comodoro Rivadavia<\/span><\/a><\/p>\n<p><span style=\"color: #003366;\"><a style=\"color: #003366;\" href=\"https:\/\/forms.gle\/NBUVh9KW6otF3guQ7\">Profesorado de Educaci\u00f3n Primaria &#8211; Sarmiento<\/a><\/span><\/p>\n<p><span style=\"color: #003366;\"><a style=\"color: #003366;\" href=\"https:\/\/forms.gle\/Rn2NbvPoexLh5nnX9\">Profesorado de Educaci\u00f3n Primaria &#8211; R\u00edo Mayo<\/a><\/span><\/p>\n<p><span style=\"color: #003366;\"><a style=\"color: #003366;\" href=\"https:\/\/forms.gle\/Gz3y6KWL4eysjdyh6\">Profesorado de Ingl\u00e9s<\/a><\/span><\/p>\n<p><span style=\"color: #003366;\"><a style=\"color: #003366;\" href=\"https:\/\/forms.gle\/oiUeuTEWt7j6KxG2A\">Profesorado de Matem\u00e1tica<\/a><\/span><\/p>\n<p><span style=\"color: #003366;\"><a style=\"color: #003366;\" href=\"https:\/\/forms.gle\/WXXwtxm4b4bJ48hU6\">Profesorado de Lengua y Literatura<\/a><\/span><\/p>\n<p><span style=\"color: #003366;\"><a style=\"color: #003366;\" href=\"https:\/\/forms.gle\/cuAgAFq3g3rLL7BG6\">Profesorado de Biolog\u00eda<\/a><\/span><\/p>\n<p><span style=\"color: #003366;\"><a style=\"color: #003366;\" href=\"https:\/\/forms.gle\/TVE6AvTazTEbU51P9\">Profesorado de Geograf\u00eda<\/a><\/span><\/p>\n<p><span style=\"color: #003366;\"><a style=\"color: #003366;\" href=\"https:\/\/forms.gle\/NLW2KHpxidi4GVCY8\">Profesorado de Econom\u00eda<\/a><\/span><\/p>\n<p><span style=\"color: #003366;\"><a style=\"color: #003366;\" href=\"https:\/\/forms.gle\/bQqZ12Y4yh7soH7e9\">Tecn. Sup. Ni\u00f1ez, adolescencia y familia<\/a><\/span><\/p>\n<p><a href=\"https:\/\/forms.gle\/T58z2rcnn2CZW1YG9\"><span style=\"color: #003366;\">Tecn. Sup. Gesti\u00f3n de la Producci\u00f3n Agropecuaria<\/span><\/a><\/p>\n","protected":false},"excerpt":{"rendered":"<p>Para inscribirte en los espacios curriculares del segundo cuatrimestre, en primer lugar debes seleccionar la carrera que est\u00e1s cursando. Este enlace te llevar\u00e1 a un formulario de varias p\u00e1ginas, donde podr\u00e1s cargar tus datos y elegir los espacios en que vas a inscribir. En cada p\u00e1gina, luego de completar la informaci\u00f3n que te solicita, debes &#8230; <a title=\"Inscripci\u00f3n a materias &#8211; 2\u00b0 cuatrimestre 2022\" class=\"read-more\" href=\"https:\/\/isfd807-chu.infd.edu.ar\/sitio\/inscripcion-a-materias-2do-cuatrimestre-2022\/\" aria-label=\"More on Inscripci\u00f3n a materias &#8211; 2\u00b0 cuatrimestre 2022\">[+]<\/a><\/p>\n","protected":false},"author":7,"featured_media":0,"parent":0,"menu_order":0,"comment_status":"closed","ping_status":"closed","template":"","meta":[],"acf":[],"_links":{"self":[{"href":"https:\/\/isfd807-chu.infd.edu.ar\/sitio\/wp-json\/wp\/v2\/pages\/1389"}],"collection":[{"href":"https:\/\/isfd807-chu.infd.edu.ar\/sitio\/wp-json\/wp\/v2\/pages"}],"about":[{"href":"https:\/\/isfd807-chu.infd.edu.ar\/sitio\/wp-json\/wp\/v2\/types\/page"}],"author":[{"embeddable":true,"href":"https:\/\/isfd807-chu.infd.edu.ar\/sitio\/wp-json\/wp\/v2\/users\/7"}],"replies":[{"embeddable":true,"href":"https:\/\/isfd807-chu.infd.edu.ar\/sitio\/wp-json\/wp\/v2\/comments?post=1389"}],"version-history":[{"count":14,"href":"https:\/\/isfd807-chu.infd.edu.ar\/sitio\/wp-json\/wp\/v2\/pages\/1389\/revisions"}],"predecessor-version":[{"id":2318,"href":"https:\/\/isfd807-chu.infd.edu.ar\/sitio\/wp-json\/wp\/v2\/pages\/1389\/revisions\/2318"}],"wp:attachment":[{"href":"https:\/\/isfd807-chu.infd.edu.ar\/sitio\/wp-json\/wp\/v2\/media?parent=1389"}],"curies":[{"name":"wp","href":"https:\/\/api.w.org\/{rel}","templated":true}]}}