{"id":2764,"date":"2023-11-07T10:17:59","date_gmt":"2023-11-07T13:17:59","guid":{"rendered":"https:\/\/isfd807-chu.infd.edu.ar\/sitio\/?page_id=2764"},"modified":"2023-11-07T10:18:01","modified_gmt":"2023-11-07T13:18:01","slug":"comision-de-apoyo-isfd-n807","status":"publish","type":"page","link":"https:\/\/isfd807-chu.infd.edu.ar\/sitio\/comision-de-apoyo-isfd-n807\/","title":{"rendered":"Comisi\u00f3n de Apoyo ISFD N\u00b0807"},"content":{"rendered":"\n<p><strong>RES. 565\/2021<\/strong> ME<\/p>\n\n\n\n<h2 class=\"wp-block-heading\">Finalidad de la Instituci\u00f3n<\/h2>\n\n\n\n<p><strong>Articulo 2<\/strong>: El fin de la instituci\u00f3n ser\u00e1: Brindar apoyo y colaboraci\u00f3n a la gesti\u00f3n del Instituto Superior de Formaci\u00f3n Docente N\u00bb 807 Perito Moreno; y tendr\u00e1 entre sus objetivos:\u00a0<\/p>\n\n\n\n<p>1. Asistir, dentro de sus posibilidades econ\u00f3micas, al mejoramiento de los espacios de funcionamiento del instituto, adquiriendo los elementos, art\u00edculos, bienes, etc. Que se requieran para ello.&nbsp;<\/p>\n\n\n\n<p>2. Colaborar, en la medida de sus posibilidades, en facilitar el ingreso, permanencia y egreso de los estudiantes de nivel superior.<\/p>\n\n\n\n<p>3. Acompa\u00f1ar al Centro de Informaci\u00f3n y Documentaci\u00f3n del Instituto, con la facilitaci\u00f3n o suministro del material o elementos necesarios para el cumplimiento de los prop\u00f3sitos del mismo.&nbsp;<\/p>\n\n\n\n<p>4. Todo otro aspecto que sea oportuno para el cumplimiento del fin da la asociaci\u00f3n, atendiendo sugerencias y\/o iniciativa de los asociados, encuadrando los procedimientos en reglamentos y disposiciones vigentes.&nbsp;<\/p>\n\n\n\n<h2 class=\"wp-block-heading\">Capacidad y Patrimonio Social<\/h2>\n\n\n\n<p><strong>Art\u00cdculo 3: <\/strong>La asociaci\u00f3n se encuentra capacitada para adquirir bienes y contraer obligaciones, asi como tambi\u00e9n para operar con Instituciones bancarias privadas y oficiales.\u00a0<\/p>\n\n\n\n<p><strong>Art\u00cdculo 4<\/strong><strong>: <\/strong>El patrimonio se encuentra compuesto por:<\/p>\n\n\n\n<p>1- Dinero en efectivo por un monto de quinientos pesos ($500);<\/p>\n\n\n\n<p>2- Los bienes que adquiera en lo sucesivo por cualquier titulo;<\/p>\n\n\n\n<p>3- Las cuotas que abonen sus asociados, dichas cuotas ser\u00e1n establecidas por la asamblea, no pudiendo superar la suma que anualmente disponga la Direcci\u00f3n General de Educaci\u00f3n a este efecto, no obstante, lo expresado, el aporte ser\u00e1 a voluntad de cada asociado.\u00a0<\/p>\n\n\n\n<p>4- Las donaciones, herencias, legados y subvenciones;<\/p>\n\n\n\n<p>5- El producido de beneficios, rifas, festivales, y cualquier otra entrada o ingreso\u00a0licito.<\/p>\n\n\n\n<h2 class=\"wp-block-heading\">Comisi\u00f3n Directiva Provisional<\/h2>\n\n\n\n<p><strong>FINALIDAD<\/strong><\/p>\n\n\n\n<p><strong>Articulo 37<\/strong>: La Comisi\u00f3n Directiva del Organo de Apoyo quedara integrada por esta \u00fanica vez y en forma provisional por un presidente, un secretario, un tesorero y tres vocales titulares, los que ser\u00e1n elegidos de entre los asamble\u00edstas constituyentes de este Organo de Apoyo.<br><strong>Articulo 38<\/strong>: Esta Comisi\u00f3n Directiva tomara a su cargo el gobierno del Organo de Apoyo y la Organizaci\u00f3n del acto eleccionario conforme al art. 16 y concordantes del Estatuto.<\/p>\n\n\n\n<p><strong>INTEGRANTES<\/strong><\/p>\n\n\n\n<p>Presidente: Prof. Y Cdor. Daniel Miguens<\/p>\n\n\n\n<p>Tesorero: Prof. Vicente Yorio<\/p>\n\n\n\n<p>Secretaria: Prof. Maria Jose Avila<\/p>\n\n\n\n<p>Vocal Titular 1: Mg. Adriana Vel\u00e1squez<\/p>\n\n\n\n<p>Vocal Titular 2: Prof. Emilio Hernandez<\/p>\n\n\n\n<p>Vocal Titular 3: Alumna Belen Puschel<\/p>\n\n\n\n<h2 class=\"wp-block-heading\">Organo de Fiscalizaci\u00f3n provisional<\/h2>\n\n\n\n<p><strong>INTEGRANTES<\/strong><\/p>\n\n\n\n<p>Titular: Prof. Claudia Carrizo<\/p>\n\n\n\n<p>Suplente: Sr. Daniel Loncon<\/p>\n\n\n\n<h2 class=\"wp-block-heading\">Documentaci\u00f3n que se rinde<\/h2>\n\n\n\n<ul>\n<li><strong>ACTA DE ASAMBLEA CONSTITUTIVA<\/strong><\/li>\n\n\n\n<li><strong>ACTA CONSTITUCI\u00d3N ORGANO DE FISCALIZACION<\/strong><\/li>\n\n\n\n<li><strong>RESOLUCION 565\/2021<\/strong><\/li>\n\n\n\n<li><strong>CONSTANCIAS DE INSCRIPCION AFIP \/ CUIT<\/strong><\/li>\n\n\n\n<li><strong>CONSTANCIA DE INSCRIPCION INGRESOS BRUTOS MCR<\/strong><\/li>\n\n\n\n<li><strong>APERTURA DE CUENTA \u2013 CERTIFICACION CBU BANCO DE LA PROV. DEL CHUBUT<\/strong><\/li>\n<\/ul>\n\n\n\n<h2 class=\"wp-block-heading\">Acciones posteriores<\/h2>\n\n\n\n<ul>\n<li><strong>DEFINICION DE CUOTA SOCIAL SEG\u00daN NORMATIVA VIGENTE.<\/strong><\/li>\n\n\n\n<li><strong>REALIZACION DE CAMPA\u00d1A DE ASOCIADOS.<\/strong><\/li>\n\n\n\n<li><strong>CONVOCATORIA A ELECCIONES COMISION DIRECTIVA Y ORGANO DE FISCALIZACION.<\/strong><\/li>\n\n\n\n<li><strong>ACCIONES DE COLABORACION COORDINADAS.<\/strong><\/li>\n<\/ul>\n","protected":false},"excerpt":{"rendered":"<p>RES. 565\/2021 ME Finalidad de la Instituci\u00f3n Articulo 2: El fin de la instituci\u00f3n ser\u00e1: Brindar apoyo y colaboraci\u00f3n a la gesti\u00f3n del Instituto Superior de Formaci\u00f3n Docente N\u00bb 807 Perito Moreno; y tendr\u00e1 entre sus objetivos:\u00a0 1. Asistir, dentro de sus posibilidades econ\u00f3micas, al mejoramiento de los espacios de funcionamiento del instituto, adquiriendo los &#8230; <a title=\"Comisi\u00f3n de Apoyo ISFD N\u00b0807\" class=\"read-more\" href=\"https:\/\/isfd807-chu.infd.edu.ar\/sitio\/comision-de-apoyo-isfd-n807\/\" aria-label=\"More on Comisi\u00f3n de Apoyo ISFD N\u00b0807\">[+]<\/a><\/p>\n","protected":false},"author":3928,"featured_media":0,"parent":0,"menu_order":0,"comment_status":"closed","ping_status":"closed","template":"","meta":[],"acf":[],"_links":{"self":[{"href":"https:\/\/isfd807-chu.infd.edu.ar\/sitio\/wp-json\/wp\/v2\/pages\/2764"}],"collection":[{"href":"https:\/\/isfd807-chu.infd.edu.ar\/sitio\/wp-json\/wp\/v2\/pages"}],"about":[{"href":"https:\/\/isfd807-chu.infd.edu.ar\/sitio\/wp-json\/wp\/v2\/types\/page"}],"author":[{"embeddable":true,"href":"https:\/\/isfd807-chu.infd.edu.ar\/sitio\/wp-json\/wp\/v2\/users\/3928"}],"replies":[{"embeddable":true,"href":"https:\/\/isfd807-chu.infd.edu.ar\/sitio\/wp-json\/wp\/v2\/comments?post=2764"}],"version-history":[{"count":1,"href":"https:\/\/isfd807-chu.infd.edu.ar\/sitio\/wp-json\/wp\/v2\/pages\/2764\/revisions"}],"predecessor-version":[{"id":2765,"href":"https:\/\/isfd807-chu.infd.edu.ar\/sitio\/wp-json\/wp\/v2\/pages\/2764\/revisions\/2765"}],"wp:attachment":[{"href":"https:\/\/isfd807-chu.infd.edu.ar\/sitio\/wp-json\/wp\/v2\/media?parent=2764"}],"curies":[{"name":"wp","href":"https:\/\/api.w.org\/{rel}","templated":true}]}}